{"id":12,"date":"2019-01-18T20:06:11","date_gmt":"2019-01-18T19:06:11","guid":{"rendered":"https:\/\/www.pagliai.si.it\/?page_id=12"},"modified":"2019-09-24T17:49:50","modified_gmt":"2019-09-24T17:49:50","slug":"home","status":"publish","type":"page","link":"https:\/\/executiveplanning.it\/","title":{"rendered":"Chi siamo"},"content":{"rendered":"\n<p> <\/p>\n\n\n\n<p>L&#8217;Executive Planning \u00e8 una societ\u00e0 di servizi e di consulenza nata dalla sintesi di professionalit\u00e0, creativit\u00e0, spirito imprenditoriale e capacit\u00e0 organizzativa che opera dal 1990 nel campo della comunicazione. E\u2019 una societ\u00e0 di servizi all&#8217;avanguardia specializzata nell&#8217;organizzazione di eventi, congressi, formazione e pubbliche relazioni, in grado di offrire un servizio completo e di alta qualit\u00e0: competenza, seriet\u00e0 professionale e creativit\u00e0. Si avvale di un team di professionisti che si occupano della pianificazione e della progettazione degli interventi, affiancati da un numero ampio di collaboratori esterni che garantiscono l&#8217;apporto delle pi\u00f9 diverse professionalit\u00e0. <br> Oggi l&#8217;attivit\u00e0 della societ\u00e0 pu\u00f2 rispondere in modo completo alle variegate esigenze di enti pubblici, Associazioni, aziende, organizzazioni, societ\u00e0 e privati, fornendo consulenze e proposte che stimolano le iniziative e che danno risposte soddisfacenti a tutte le loro necessit\u00e0.<\/p>\n\n\n\n<p><br><\/p>\n","protected":false},"excerpt":{"rendered":"<p>L&#8217;Executive Planning \u00e8 una societ\u00e0 di servizi e di consulenza nata dalla sintesi di professionalit\u00e0, creativit\u00e0, spirito imprenditoriale e capacit\u00e0 organizzativa che opera dal 1990 nel campo della comunicazione. E\u2019 una societ\u00e0 di servizi all&#8217;avanguardia specializzata nell&#8217;organizzazione di eventi, congressi, formazione e pubbliche relazioni, in grado di offrire un servizio completo e di alta qualit\u00e0: &hellip; <\/p>\n<p class=\"link-more\"><a href=\"https:\/\/executiveplanning.it\/\" class=\"more-link\">Continue reading<span class=\"screen-reader-text\"> &#8220;Chi siamo&#8221;<\/span><\/a><\/p>\n","protected":false},"author":1,"featured_media":0,"parent":0,"menu_order":0,"comment_status":"closed","ping_status":"closed","template":"","meta":{"footnotes":""},"class_list":["post-12","page","type-page","status-publish","hentry"],"_links":{"self":[{"href":"https:\/\/executiveplanning.it\/index.php?rest_route=\/wp\/v2\/pages\/12"}],"collection":[{"href":"https:\/\/executiveplanning.it\/index.php?rest_route=\/wp\/v2\/pages"}],"about":[{"href":"https:\/\/executiveplanning.it\/index.php?rest_route=\/wp\/v2\/types\/page"}],"author":[{"embeddable":true,"href":"https:\/\/executiveplanning.it\/index.php?rest_route=\/wp\/v2\/users\/1"}],"replies":[{"embeddable":true,"href":"https:\/\/executiveplanning.it\/index.php?rest_route=%2Fwp%2Fv2%2Fcomments&post=12"}],"version-history":[{"count":4,"href":"https:\/\/executiveplanning.it\/index.php?rest_route=\/wp\/v2\/pages\/12\/revisions"}],"predecessor-version":[{"id":315,"href":"https:\/\/executiveplanning.it\/index.php?rest_route=\/wp\/v2\/pages\/12\/revisions\/315"}],"wp:attachment":[{"href":"https:\/\/executiveplanning.it\/index.php?rest_route=%2Fwp%2Fv2%2Fmedia&parent=12"}],"curies":[{"name":"wp","href":"https:\/\/api.w.org\/{rel}","templated":true}]}}